{"id":33,"date":"2020-11-03T12:16:27","date_gmt":"2020-11-03T11:16:27","guid":{"rendered":"http:\/\/klimatdialogen.test\/?page_id=33"},"modified":"2024-12-01T21:51:37","modified_gmt":"2024-12-01T20:51:37","slug":"kalender","status":"publish","type":"page","link":"https:\/\/www.prisdialogen.se\/klimatdialogen\/kalender\/","title":{"rendered":"Kalender"},"content":{"rendered":"<p>Ans\u00f6kan b\u00f6r om m\u00f6jligt komma in cirka tre veckor innan ett styrelsem\u00f6te. Om ni \u00f6nskar ans\u00f6ka med kortare varsel s\u00e5 kontakta Prisdialogens kansli.<\/p>\n","protected":false},"excerpt":{"rendered":"<p>Ans\u00f6kan b\u00f6r om m\u00f6jligt komma in cirka tre veckor innan ett styrelsem\u00f6te. Om ni \u00f6nskar ans\u00f6ka med kortare varsel s\u00e5 kontakta Prisdialogens kansli.<\/p>\n","protected":false},"author":1,"featured_media":0,"parent":0,"menu_order":0,"comment_status":"closed","ping_status":"closed","template":"tpl-calendar.php","meta":{"footnotes":""},"class_list":["post-33","page","type-page","status-publish","hentry"],"_links":{"self":[{"href":"https:\/\/www.prisdialogen.se\/klimatdialogen\/wp-json\/wp\/v2\/pages\/33","targetHints":{"allow":["GET"]}}],"collection":[{"href":"https:\/\/www.prisdialogen.se\/klimatdialogen\/wp-json\/wp\/v2\/pages"}],"about":[{"href":"https:\/\/www.prisdialogen.se\/klimatdialogen\/wp-json\/wp\/v2\/types\/page"}],"author":[{"embeddable":true,"href":"https:\/\/www.prisdialogen.se\/klimatdialogen\/wp-json\/wp\/v2\/users\/1"}],"replies":[{"embeddable":true,"href":"https:\/\/www.prisdialogen.se\/klimatdialogen\/wp-json\/wp\/v2\/comments?post=33"}],"version-history":[{"count":10,"href":"https:\/\/www.prisdialogen.se\/klimatdialogen\/wp-json\/wp\/v2\/pages\/33\/revisions"}],"predecessor-version":[{"id":406,"href":"https:\/\/www.prisdialogen.se\/klimatdialogen\/wp-json\/wp\/v2\/pages\/33\/revisions\/406"}],"wp:attachment":[{"href":"https:\/\/www.prisdialogen.se\/klimatdialogen\/wp-json\/wp\/v2\/media?parent=33"}],"curies":[{"name":"wp","href":"https:\/\/api.w.org\/{rel}","templated":true}]}}